{"id":309,"date":"2025-10-07T18:55:08","date_gmt":"2025-10-07T18:55:08","guid":{"rendered":"https:\/\/saulebaby.eu\/?post_type=product&#038;p=309"},"modified":"2025-10-07T19:24:32","modified_gmt":"2025-10-07T19:24:32","slug":"canpol-babies-rattle-barbell-blue-2-606","status":"publish","type":"product","link":"https:\/\/saulebaby.eu\/lt\/produktas\/canpol-babies-rattle-barbell-blue-2-606\/","title":{"rendered":"CANPOL BABIES M\u0117lynas bar\u0161kutis \u201cBarbell\u201c (2\/606)"},"content":{"rendered":"<p>[et_pb_section fb_built=&#8221;1&#8243; _builder_version=&#8221;4.16&#8243; custom_padding=&#8221;0px||||false|false&#8221; global_colors_info=&#8221;{}&#8221;][et_pb_row _builder_version=&#8221;4.16&#8243; background_size=&#8221;initial&#8221; background_position=&#8221;top_left&#8221; background_repeat=&#8221;repeat&#8221; width=&#8221;100%&#8221; custom_padding=&#8221;0px||0px||false|false&#8221; global_colors_info=&#8221;{}&#8221;][et_pb_column type=&#8221;4_4&#8243; _builder_version=&#8221;4.16&#8243; custom_padding=&#8221;|||&#8221; global_colors_info=&#8221;{}&#8221; custom_padding__hover=&#8221;|||&#8221;][et_pb_wc_breadcrumb _builder_version=&#8221;4.16&#8243; global_colors_info=&#8221;{}&#8221;][\/et_pb_wc_breadcrumb][et_pb_wc_cart_notice _builder_version=&#8221;4.27.4&#8243; hover_enabled=&#8221;0&#8243; global_colors_info=&#8221;{}&#8221; sticky_enabled=&#8221;0&#8243;][\/et_pb_wc_cart_notice][\/et_pb_column][\/et_pb_row][et_pb_row _builder_version=&#8221;4.16&#8243; background_size=&#8221;initial&#8221; background_position=&#8221;top_left&#8221; background_repeat=&#8221;repeat&#8221; width=&#8221;100%&#8221; custom_padding=&#8221;0px||||false|false&#8221; global_colors_info=&#8221;{}&#8221; column_structure=&#8221;1_2,1_2&#8243;][et_pb_column type=&#8221;1_2&#8243; _builder_version=&#8221;4.16&#8243; custom_padding=&#8221;|||&#8221; global_colors_info=&#8221;{}&#8221; custom_padding__hover=&#8221;|||&#8221;][et_pb_wc_images _builder_version=&#8221;4.16&#8243; global_colors_info=&#8221;{}&#8221;][\/et_pb_wc_images][\/et_pb_column][et_pb_column type=&#8221;1_2&#8243; _builder_version=&#8221;4.16&#8243; custom_padding=&#8221;|||&#8221; global_colors_info=&#8221;{}&#8221; custom_padding__hover=&#8221;|||&#8221;][et_pb_wc_title _builder_version=&#8221;4.16&#8243; global_colors_info=&#8221;{}&#8221;][\/et_pb_wc_title][et_pb_wc_rating _builder_version=&#8221;4.16&#8243; global_colors_info=&#8221;{}&#8221;][\/et_pb_wc_rating][et_pb_wc_price _builder_version=&#8221;4.16&#8243; global_colors_info=&#8221;{}&#8221;][\/et_pb_wc_price][et_pb_wc_description _builder_version=&#8221;4.16&#8243; global_colors_info=&#8221;{}&#8221;][\/et_pb_wc_description][et_pb_wc_add_to_cart _builder_version=&#8221;4.16&#8243; global_colors_info=&#8221;{}&#8221;][\/et_pb_wc_add_to_cart][et_pb_wc_meta _builder_version=&#8221;4.16&#8243; global_colors_info=&#8221;{}&#8221;][\/et_pb_wc_meta][\/et_pb_column][\/et_pb_row][et_pb_row _builder_version=&#8221;4.16&#8243; background_size=&#8221;initial&#8221; background_position=&#8221;top_left&#8221; background_repeat=&#8221;repeat&#8221; width=&#8221;100%&#8221; global_colors_info=&#8221;{}&#8221;][et_pb_column type=&#8221;4_4&#8243; _builder_version=&#8221;4.16&#8243; custom_padding=&#8221;|||&#8221; global_colors_info=&#8221;{}&#8221; custom_padding__hover=&#8221;|||&#8221;][et_pb_wc_tabs _builder_version=&#8221;4.16&#8243; global_colors_info=&#8221;{}&#8221;]\t\t\t\t\t[\/et_pb_wc_tabs][et_pb_wc_upsells _builder_version=&#8221;4.16&#8243; global_colors_info=&#8221;{}&#8221;][\/et_pb_wc_upsells][et_pb_wc_related_products _builder_version=&#8221;4.27.4&#8243; hover_enabled=&#8221;0&#8243; global_colors_info=&#8221;{}&#8221; product_title_font_size=&#8221;14px&#8221; sticky_enabled=&#8221;0&#8243;][\/et_pb_wc_related_products][\/et_pb_column][\/et_pb_row][\/et_pb_section]<\/p>\n","protected":false},"excerpt":{"rendered":"<p>Spalvingas \u0161tangos formos bar\u0161kutis i\u0161 CANPOL BABIES, skirtas naujagimiams (0+). Lengvas, lengvai suimamas, pagamintas i\u0161 BPA neturin\u010di\u0173 med\u017eiag\u0173. CE sertifikuotas.<\/p>","protected":false},"featured_media":310,"comment_status":"open","ping_status":"closed","template":"","meta":{"_et_pb_use_builder":"on","_et_pb_old_content":"<p data-start=\"514\" data-end=\"682\">The CANPOL BABIES \u201cBarbell\u201d rattle is ideal for the first months of a baby\u2019s life.<br data-start=\"620\" data-end=\"623\" \/>It helps develop motor skills, hearing, and coordination.<\/p>\r\n\r\n<ul data-start=\"683\" data-end=\"905\">\r\n \t<li data-start=\"683\" data-end=\"694\">\r\n<p data-start=\"685\" data-end=\"694\">Age: 0+<\/p>\r\n<\/li>\r\n \t<li data-start=\"695\" data-end=\"710\">\r\n<p data-start=\"697\" data-end=\"710\">Color: Blue<\/p>\r\n<\/li>\r\n \t<li data-start=\"711\" data-end=\"751\">\r\n<p data-start=\"713\" data-end=\"751\">Shape: Barbell design for easy grasp<\/p>\r\n<\/li>\r\n \t<li data-start=\"752\" data-end=\"792\">\r\n<p data-start=\"754\" data-end=\"792\">Lightweight and safe for small hands<\/p>\r\n<\/li>\r\n \t<li data-start=\"793\" data-end=\"849\">\r\n<p data-start=\"795\" data-end=\"849\">Produces gentle rattling sound to entertain the baby<\/p>\r\n<\/li>\r\n \t<li data-start=\"850\" data-end=\"866\">\r\n<p data-start=\"852\" data-end=\"866\">CE Certified<\/p>\r\n<\/li>\r\n \t<li data-start=\"867\" data-end=\"905\">\r\n<p data-start=\"869\" data-end=\"905\">BPA-free, made from safe materials<\/p>\r\n<\/li>\r\n<\/ul>","_et_gb_content_width":""},"product_brand":[],"product_cat":[32,38],"product_tag":[],"class_list":{"0":"post-309","1":"product","2":"type-product","3":"status-publish","4":"has-post-thumbnail","6":"product_cat-baby-care","7":"product_cat-toys-rattles","9":"first","10":"instock","11":"taxable","12":"shipping-taxable","13":"purchasable","14":"product-type-simple"},"_links":{"self":[{"href":"https:\/\/saulebaby.eu\/lt\/wp-json\/wp\/v2\/product\/309","targetHints":{"allow":["GET"]}}],"collection":[{"href":"https:\/\/saulebaby.eu\/lt\/wp-json\/wp\/v2\/product"}],"about":[{"href":"https:\/\/saulebaby.eu\/lt\/wp-json\/wp\/v2\/types\/product"}],"replies":[{"embeddable":true,"href":"https:\/\/saulebaby.eu\/lt\/wp-json\/wp\/v2\/comments?post=309"}],"wp:featuredmedia":[{"embeddable":true,"href":"https:\/\/saulebaby.eu\/lt\/wp-json\/wp\/v2\/media\/310"}],"wp:attachment":[{"href":"https:\/\/saulebaby.eu\/lt\/wp-json\/wp\/v2\/media?parent=309"}],"wp:term":[{"taxonomy":"product_brand","embeddable":true,"href":"https:\/\/saulebaby.eu\/lt\/wp-json\/wp\/v2\/product_brand?post=309"},{"taxonomy":"product_cat","embeddable":true,"href":"https:\/\/saulebaby.eu\/lt\/wp-json\/wp\/v2\/product_cat?post=309"},{"taxonomy":"product_tag","embeddable":true,"href":"https:\/\/saulebaby.eu\/lt\/wp-json\/wp\/v2\/product_tag?post=309"}],"curies":[{"name":"wp","href":"https:\/\/api.w.org\/{rel}","templated":true}]}}