{"id":303,"date":"2025-10-07T18:38:25","date_gmt":"2025-10-07T18:38:25","guid":{"rendered":"https:\/\/saulebaby.eu\/?post_type=product&#038;p=303"},"modified":"2025-10-07T18:38:26","modified_gmt":"2025-10-07T18:38:26","slug":"canpol-babies-soft-silicone-spoon-5m-blue-21-488_new","status":"publish","type":"product","link":"https:\/\/saulebaby.eu\/lt\/produktas\/canpol-babies-soft-silicone-spoon-5m-blue-21-488_new\/","title":{"rendered":"CANPOL mink\u0161tas silikoninis \u0161auk\u0161telis, 5M+, M\u0117lynas (21\/488_new)"},"content":{"rendered":"<p data-start=\"533\" data-end=\"654\">CANPOL BABIES mink\u0161tas silikoninis \u0161auk\u0161telis yra idealus, norint \u012fvesti kiet\u0105 maist\u0105 \u012f j\u016bs\u0173 k\u016bdikio mityb\u0105.<\/p>\n<ul data-start=\"655\" data-end=\"934\">\n<li data-start=\"655\" data-end=\"699\">\n<p data-start=\"657\" data-end=\"699\">Tinka k\u016bdikiams nuo 5 m\u0117nesi\u0173 am\u017eiaus ir vyresniems.<\/p>\n<\/li>\n<li data-start=\"700\" data-end=\"760\">\n<p data-start=\"702\" data-end=\"760\">Pagamintas i\u0161 mink\u0161to, lankstaus silikono, kuris yra \u0161velnus dantenoms.<\/p>\n<\/li>\n<li data-start=\"761\" data-end=\"821\">\n<p data-start=\"763\" data-end=\"821\">Lengvas ir patogus laikyti tiek t\u0117vams, tiek k\u016bdikiams.<\/p>\n<\/li>\n<li data-start=\"822\" data-end=\"858\">\n<p data-start=\"824\" data-end=\"858\">Be BPA ir pagamintas i\u0161 maistui tinkamos med\u017eiagos.<\/p>\n<\/li>\n<li data-start=\"859\" data-end=\"878\">\n<p data-start=\"861\" data-end=\"878\">Galima plauti indaplov\u0117je.<\/p>\n<\/li>\n<li data-start=\"879\" data-end=\"934\">\n<p data-start=\"881\" data-end=\"934\">Ergonomi\u0161ka forma padeda ugdyti savaranki\u0161k\u0105 valgym\u0105.<\/p>\n<\/li>\n<\/ul>\n<ul>\n<li data-start=\"1878\" data-end=\"1895\">\n<p data-start=\"1880\" data-end=\"1895\"><em data-start=\"1880\" data-end=\"1888\">Spalva:<\/em> M\u0117lyna<\/p>\n<\/li>\n<li data-start=\"1896\" data-end=\"1920\">\n<p data-start=\"1898\" data-end=\"1920\"><em data-start=\"1898\" data-end=\"1909\">Med\u017eiaga<\/em> Silikonas<\/p>\n<\/li>\n<li data-start=\"1921\" data-end=\"1935\">\n<p data-start=\"1923\" data-end=\"1935\"><em data-start=\"1923\" data-end=\"1929\">Am\u017eius:<\/em> nuo 5 m\u0117nesi\u0173<\/p>\n<\/li>\n<\/ul>","protected":false},"excerpt":{"rendered":"<p>Mink\u0161tas silikoninis \u0161auk\u0161telis, skirtas k\u016bdikiams nuo 5 m\u0117nesi\u0173. \u0160velnus dantenoms ir puikiai tinka primaitinimo prad\u017eiai. Be BPA ir saugus kasdieniam naudojimui.<\/p>","protected":false},"featured_media":304,"comment_status":"open","ping_status":"closed","template":"","meta":{"_et_pb_use_builder":"","_et_pb_old_content":"","_et_gb_content_width":""},"product_brand":[],"product_cat":[36,37],"product_tag":[],"class_list":{"0":"post-303","1":"product","2":"type-product","3":"status-publish","4":"has-post-thumbnail","6":"product_cat-baby-feeding","7":"product_cat-tableware","9":"first","10":"instock","11":"taxable","12":"shipping-taxable","13":"purchasable","14":"product-type-simple"},"_links":{"self":[{"href":"https:\/\/saulebaby.eu\/lt\/wp-json\/wp\/v2\/product\/303","targetHints":{"allow":["GET"]}}],"collection":[{"href":"https:\/\/saulebaby.eu\/lt\/wp-json\/wp\/v2\/product"}],"about":[{"href":"https:\/\/saulebaby.eu\/lt\/wp-json\/wp\/v2\/types\/product"}],"replies":[{"embeddable":true,"href":"https:\/\/saulebaby.eu\/lt\/wp-json\/wp\/v2\/comments?post=303"}],"wp:featuredmedia":[{"embeddable":true,"href":"https:\/\/saulebaby.eu\/lt\/wp-json\/wp\/v2\/media\/304"}],"wp:attachment":[{"href":"https:\/\/saulebaby.eu\/lt\/wp-json\/wp\/v2\/media?parent=303"}],"wp:term":[{"taxonomy":"product_brand","embeddable":true,"href":"https:\/\/saulebaby.eu\/lt\/wp-json\/wp\/v2\/product_brand?post=303"},{"taxonomy":"product_cat","embeddable":true,"href":"https:\/\/saulebaby.eu\/lt\/wp-json\/wp\/v2\/product_cat?post=303"},{"taxonomy":"product_tag","embeddable":true,"href":"https:\/\/saulebaby.eu\/lt\/wp-json\/wp\/v2\/product_tag?post=303"}],"curies":[{"name":"wp","href":"https:\/\/api.w.org\/{rel}","templated":true}]}}