{"id":299,"date":"2025-10-07T18:27:22","date_gmt":"2025-10-07T18:27:22","guid":{"rendered":"https:\/\/saulebaby.eu\/?post_type=product&#038;p=299"},"modified":"2025-10-07T19:32:20","modified_gmt":"2025-10-07T19:32:20","slug":"canpol-babies-water-teether-with-rattle-star-56-161_tur","status":"publish","type":"product","link":"https:\/\/saulebaby.eu\/lt\/produktas\/canpol-babies-water-teether-with-rattle-star-56-161_tur\/","title":{"rendered":"CANPOL BABIES Vandens kramtukas su bar\u0161ku\u010diu, STAR (56\/161_tur)"},"content":{"rendered":"<p>[et_pb_section fb_built=&#8221;1&#8243; _builder_version=&#8221;4.16&#8243; custom_padding=&#8221;0px||||false|false&#8221; global_colors_info=&#8221;{}&#8221;][et_pb_row _builder_version=&#8221;4.16&#8243; background_size=&#8221;initial&#8221; background_position=&#8221;top_left&#8221; background_repeat=&#8221;repeat&#8221; width=&#8221;100%&#8221; custom_padding=&#8221;0px||0px||false|false&#8221; global_colors_info=&#8221;{}&#8221;][et_pb_column type=&#8221;4_4&#8243; _builder_version=&#8221;4.16&#8243; custom_padding=&#8221;|||&#8221; global_colors_info=&#8221;{}&#8221; custom_padding__hover=&#8221;|||&#8221;][et_pb_wc_breadcrumb _builder_version=&#8221;4.16&#8243; global_colors_info=&#8221;{}&#8221;][\/et_pb_wc_breadcrumb][et_pb_wc_cart_notice _builder_version=&#8221;4.16&#8243; global_colors_info=&#8221;{}&#8221;][\/et_pb_wc_cart_notice][\/et_pb_column][\/et_pb_row][et_pb_row _builder_version=&#8221;4.16&#8243; background_size=&#8221;initial&#8221; background_position=&#8221;top_left&#8221; background_repeat=&#8221;repeat&#8221; width=&#8221;100%&#8221; custom_padding=&#8221;0px||||false|false&#8221; global_colors_info=&#8221;{}&#8221; column_structure=&#8221;1_2,1_2&#8243;][et_pb_column type=&#8221;1_2&#8243; _builder_version=&#8221;4.16&#8243; custom_padding=&#8221;|||&#8221; global_colors_info=&#8221;{}&#8221; custom_padding__hover=&#8221;|||&#8221;][et_pb_wc_images _builder_version=&#8221;4.16&#8243; global_colors_info=&#8221;{}&#8221;][\/et_pb_wc_images][\/et_pb_column][et_pb_column type=&#8221;1_2&#8243; _builder_version=&#8221;4.16&#8243; custom_padding=&#8221;|||&#8221; global_colors_info=&#8221;{}&#8221; custom_padding__hover=&#8221;|||&#8221;][et_pb_wc_title _builder_version=&#8221;4.16&#8243; global_colors_info=&#8221;{}&#8221;][\/et_pb_wc_title][et_pb_wc_rating _builder_version=&#8221;4.16&#8243; global_colors_info=&#8221;{}&#8221;][\/et_pb_wc_rating][et_pb_wc_price _builder_version=&#8221;4.16&#8243; global_colors_info=&#8221;{}&#8221;][\/et_pb_wc_price][et_pb_wc_description _builder_version=&#8221;4.16&#8243; global_colors_info=&#8221;{}&#8221;][\/et_pb_wc_description][et_pb_wc_add_to_cart _builder_version=&#8221;4.16&#8243; global_colors_info=&#8221;{}&#8221;][\/et_pb_wc_add_to_cart][et_pb_wc_meta _builder_version=&#8221;4.16&#8243; global_colors_info=&#8221;{}&#8221;][\/et_pb_wc_meta][\/et_pb_column][\/et_pb_row][et_pb_row _builder_version=&#8221;4.16&#8243; background_size=&#8221;initial&#8221; background_position=&#8221;top_left&#8221; background_repeat=&#8221;repeat&#8221; width=&#8221;100%&#8221; global_colors_info=&#8221;{}&#8221;][et_pb_column type=&#8221;4_4&#8243; _builder_version=&#8221;4.16&#8243; custom_padding=&#8221;|||&#8221; global_colors_info=&#8221;{}&#8221; custom_padding__hover=&#8221;|||&#8221;][et_pb_wc_tabs _builder_version=&#8221;4.16&#8243; global_colors_info=&#8221;{}&#8221;]\t\t\t\t\t[\/et_pb_wc_tabs][et_pb_wc_upsells _builder_version=&#8221;4.16&#8243; global_colors_info=&#8221;{}&#8221;][\/et_pb_wc_upsells][et_pb_wc_related_products _builder_version=&#8221;4.27.4&#8243; hover_enabled=&#8221;0&#8243; global_colors_info=&#8221;{}&#8221; sticky_enabled=&#8221;0&#8243; product_title_font_size=&#8221;14px&#8221;][\/et_pb_wc_related_products][\/et_pb_column][\/et_pb_row][\/et_pb_section]<\/p>\n","protected":false},"excerpt":{"rendered":"<p>CANPOL BABIES \u017evaig\u017ed\u0117s formos vandens pripildytas kramtukas su bar\u0161ku\u010diu. Sukurtas nuraminti k\u016bdiki\u0173 dantenas dant\u0173 dygimo metu. Be BPA ir saugus k\u016bdikiams.<\/p>","protected":false},"featured_media":300,"comment_status":"open","ping_status":"closed","template":"","meta":{"_et_pb_use_builder":"on","_et_pb_old_content":"<p data-start=\"494\" data-end=\"665\">The CANPOL BABIES STAR-shaped teether combines a water-filled cooling surface with a gentle rattle sound to entertain and soothe teething babies.<\/p>\r\n\r\n<ul data-start=\"666\" data-end=\"894\">\r\n \t<li data-start=\"666\" data-end=\"681\">\r\n<p data-start=\"668\" data-end=\"681\">Shape: Star<\/p>\r\n<\/li>\r\n \t<li data-start=\"682\" data-end=\"702\">\r\n<p data-start=\"684\" data-end=\"702\">Color: Turquoise<\/p>\r\n<\/li>\r\n \t<li data-start=\"703\" data-end=\"741\">\r\n<p data-start=\"705\" data-end=\"741\">Filled with safe, sterilized water<\/p>\r\n<\/li>\r\n \t<li data-start=\"742\" data-end=\"775\">\r\n<p data-start=\"744\" data-end=\"775\">Easy to hold with small hands<\/p>\r\n<\/li>\r\n \t<li data-start=\"776\" data-end=\"815\">\r\n<p data-start=\"778\" data-end=\"815\">Cooling helps relieve teething pain<\/p>\r\n<\/li>\r\n \t<li data-start=\"816\" data-end=\"867\">\r\n<p data-start=\"818\" data-end=\"867\">Includes soft rattle to engage baby\u2019s attention<\/p>\r\n<\/li>\r\n \t<li data-start=\"868\" data-end=\"894\">\r\n<p data-start=\"870\" data-end=\"894\">BPA-free, CE certified<\/p>\r\n<\/li>\r\n<\/ul>","_et_gb_content_width":""},"product_brand":[],"product_cat":[32,35],"product_tag":[],"class_list":{"0":"post-299","1":"product","2":"type-product","3":"status-publish","4":"has-post-thumbnail","6":"product_cat-baby-care","7":"product_cat-teethers","9":"first","10":"instock","11":"taxable","12":"shipping-taxable","13":"purchasable","14":"product-type-simple"},"_links":{"self":[{"href":"https:\/\/saulebaby.eu\/lt\/wp-json\/wp\/v2\/product\/299","targetHints":{"allow":["GET"]}}],"collection":[{"href":"https:\/\/saulebaby.eu\/lt\/wp-json\/wp\/v2\/product"}],"about":[{"href":"https:\/\/saulebaby.eu\/lt\/wp-json\/wp\/v2\/types\/product"}],"replies":[{"embeddable":true,"href":"https:\/\/saulebaby.eu\/lt\/wp-json\/wp\/v2\/comments?post=299"}],"wp:featuredmedia":[{"embeddable":true,"href":"https:\/\/saulebaby.eu\/lt\/wp-json\/wp\/v2\/media\/300"}],"wp:attachment":[{"href":"https:\/\/saulebaby.eu\/lt\/wp-json\/wp\/v2\/media?parent=299"}],"wp:term":[{"taxonomy":"product_brand","embeddable":true,"href":"https:\/\/saulebaby.eu\/lt\/wp-json\/wp\/v2\/product_brand?post=299"},{"taxonomy":"product_cat","embeddable":true,"href":"https:\/\/saulebaby.eu\/lt\/wp-json\/wp\/v2\/product_cat?post=299"},{"taxonomy":"product_tag","embeddable":true,"href":"https:\/\/saulebaby.eu\/lt\/wp-json\/wp\/v2\/product_tag?post=299"}],"curies":[{"name":"wp","href":"https:\/\/api.w.org\/{rel}","templated":true}]}}