{"id":267,"date":"2025-10-09T13:35:12","date_gmt":"2025-10-09T13:35:12","guid":{"rendered":"https:\/\/saulebaby.eu\/?post_type=product&#038;p=267"},"modified":"2026-04-23T18:10:38","modified_gmt":"2026-04-23T18:10:38","slug":"organic-apple-plum-puree-tray-6-jars","status":"publish","type":"product","link":"https:\/\/saulebaby.eu\/lt\/produktas\/organic-apple-plum-puree-tray-6-jars\/","title":{"rendered":"Ekologi\u0161ka Obuoli\u0173 ir Slyv\u0173 tyrel\u0117 \u2013 pakuot\u0117 (6vnt)"},"content":{"rendered":"<p>[et_pb_section fb_built=&#8221;1&#8243; _builder_version=&#8221;4.16&#8243; custom_padding=&#8221;0px||||false|false&#8221; global_colors_info=&#8221;{}&#8221;][et_pb_row _builder_version=&#8221;4.16&#8243; background_size=&#8221;initial&#8221; background_position=&#8221;top_left&#8221; background_repeat=&#8221;repeat&#8221; width=&#8221;100%&#8221; custom_padding=&#8221;0px||0px||false|false&#8221; global_colors_info=&#8221;{}&#8221;][et_pb_column type=&#8221;4_4&#8243; _builder_version=&#8221;4.16&#8243; custom_padding=&#8221;|||&#8221; global_colors_info=&#8221;{}&#8221; custom_padding__hover=&#8221;|||&#8221;][et_pb_wc_breadcrumb _builder_version=&#8221;4.16&#8243; global_colors_info=&#8221;{}&#8221;][\/et_pb_wc_breadcrumb][et_pb_wc_cart_notice _builder_version=&#8221;4.16&#8243; global_colors_info=&#8221;{}&#8221;][\/et_pb_wc_cart_notice][\/et_pb_column][\/et_pb_row][et_pb_row column_structure=&#8221;1_2,1_2&#8243; _builder_version=&#8221;4.16&#8243; background_size=&#8221;initial&#8221; background_position=&#8221;top_left&#8221; background_repeat=&#8221;repeat&#8221; width=&#8221;100%&#8221; custom_padding=&#8221;0px||||false|false&#8221; global_colors_info=&#8221;{}&#8221;][et_pb_column type=&#8221;1_2&#8243; _builder_version=&#8221;4.16&#8243; custom_padding=&#8221;|||&#8221; global_colors_info=&#8221;{}&#8221; custom_padding__hover=&#8221;|||&#8221;][et_pb_wc_images _builder_version=&#8221;4.16&#8243; global_colors_info=&#8221;{}&#8221;][\/et_pb_wc_images][\/et_pb_column][et_pb_column type=&#8221;1_2&#8243; _builder_version=&#8221;4.16&#8243; custom_padding=&#8221;|||&#8221; global_colors_info=&#8221;{}&#8221; custom_padding__hover=&#8221;|||&#8221;][et_pb_wc_title _builder_version=&#8221;4.16&#8243; global_colors_info=&#8221;{}&#8221;][\/et_pb_wc_title][et_pb_wc_rating _builder_version=&#8221;4.16&#8243; global_colors_info=&#8221;{}&#8221;][\/et_pb_wc_rating][et_pb_wc_price _builder_version=&#8221;4.16&#8243; global_colors_info=&#8221;{}&#8221;][\/et_pb_wc_price][et_pb_wc_description _builder_version=&#8221;4.16&#8243; global_colors_info=&#8221;{}&#8221;][\/et_pb_wc_description][et_pb_wc_add_to_cart _builder_version=&#8221;4.16&#8243; global_colors_info=&#8221;{}&#8221;][\/et_pb_wc_add_to_cart][et_pb_wc_meta _builder_version=&#8221;4.16&#8243; global_colors_info=&#8221;{}&#8221;][\/et_pb_wc_meta][\/et_pb_column][\/et_pb_row][et_pb_row _builder_version=&#8221;4.16&#8243; background_size=&#8221;initial&#8221; background_position=&#8221;top_left&#8221; background_repeat=&#8221;repeat&#8221; width=&#8221;100%&#8221; global_colors_info=&#8221;{}&#8221;][et_pb_column type=&#8221;4_4&#8243; _builder_version=&#8221;4.16&#8243; custom_padding=&#8221;|||&#8221; global_colors_info=&#8221;{}&#8221; custom_padding__hover=&#8221;|||&#8221;][et_pb_wc_tabs _builder_version=&#8221;4.16&#8243; global_colors_info=&#8221;{}&#8221;]\t\t\t\t\t[\/et_pb_wc_tabs][et_pb_wc_upsells _builder_version=&#8221;4.16&#8243; global_colors_info=&#8221;{}&#8221;][\/et_pb_wc_upsells][et_pb_wc_related_products _builder_version=&#8221;4.27.4&#8243; product_title_font_size=&#8221;14px&#8221; global_colors_info=&#8221;{}&#8221;][\/et_pb_wc_related_products][\/et_pb_column][\/et_pb_row][\/et_pb_section]<\/p>\n","protected":false},"excerpt":{"rendered":"<p>Ekologi\u0161kas k\u016bdiki\u0173 maistas \u2013 obuoli\u0173 ir slyv\u0173 tyrel\u0117, 125 g. Skirta nuo 4 m\u0117n. Be glitimo, be prid\u0117tini\u0173 konservant\u0173 ir cukraus.<br data-start=\"389\" data-end=\"392\" \/>Minimalus u\u017esakymo kiekis: 1 pakuot\u0117 = 6 stiklainiukai.<\/p>\n<p>&nbsp;<\/p>","protected":false},"featured_media":431,"comment_status":"open","ping_status":"closed","template":"","meta":{"_et_pb_use_builder":"on","_et_pb_old_content":"<p data-start=\"430\" data-end=\"512\">Organic baby food in glass jar.<\/p>\r\n\r\n<ul data-start=\"514\" data-end=\"950\">\r\n \t<li data-start=\"514\" data-end=\"585\">\r\n<p data-start=\"516\" data-end=\"585\">Ingredients: Apple* 80%, Plum* 20% (*from certified organic farms).<\/p>\r\n<\/li>\r\n \t<li data-start=\"586\" data-end=\"633\">\r\n<p data-start=\"588\" data-end=\"633\">Usage: Ready to eat. Shake well before use.<\/p>\r\n<\/li>\r\n \t<li data-start=\"634\" data-end=\"739\">\r\n<p data-start=\"636\" data-end=\"739\">Storage: Before opening \u2013 room temperature. After opening \u2013 keep refrigerated and consume within 48h.<\/p>\r\n<\/li>\r\n \t<li data-start=\"740\" data-end=\"755\">\r\n<p data-start=\"742\" data-end=\"755\">Gluten-free<\/p>\r\n<\/li>\r\n \t<li data-start=\"756\" data-end=\"782\">\r\n<p data-start=\"758\" data-end=\"782\">No added preservatives<\/p>\r\n<\/li>\r\n \t<li data-start=\"783\" data-end=\"840\">\r\n<p data-start=\"785\" data-end=\"840\">No added sugars (contains naturally occurring sugars)<\/p>\r\n<\/li>\r\n \t<li data-start=\"841\" data-end=\"907\">\r\n<p data-start=\"843\" data-end=\"907\">Only agricultural organic ingredients from BIO certified farms<\/p>\r\n<\/li>\r\n \t<li data-start=\"908\" data-end=\"950\">\r\n<p data-start=\"910\" data-end=\"950\">Recyclable glass jar, PVC-free closure<\/p>\r\n<\/li>\r\n<\/ul>\r\n<p data-start=\"952\" data-end=\"1058\">\u26a0\ufe0f If the center of the cap can be pressed down, do not use. Safety vacuum closure \u201cclicks\u201d when opened.<\/p>\r\n<p data-start=\"1060\" data-end=\"1081\">Produced in Latvia.<\/p>\r\n<p data-start=\"1083\" data-end=\"1117\"><strong data-start=\"1083\" data-end=\"1115\">Nutritional value per 100 g:<\/strong><\/p>\r\n\r\n<ul data-start=\"1118\" data-end=\"1288\">\r\n \t<li data-start=\"1118\" data-end=\"1146\">\r\n<p data-start=\"1120\" data-end=\"1146\">Energy: 234 kJ \/ 55 kcal<\/p>\r\n<\/li>\r\n \t<li data-start=\"1147\" data-end=\"1192\">\r\n<p data-start=\"1149\" data-end=\"1192\">Fat: &lt; 0.5 g (of which saturates &lt; 0.1 g)<\/p>\r\n<\/li>\r\n \t<li data-start=\"1193\" data-end=\"1238\">\r\n<p data-start=\"1195\" data-end=\"1238\">Carbohydrate: 13 g (of which sugars 11 g)<\/p>\r\n<\/li>\r\n \t<li data-start=\"1239\" data-end=\"1255\">\r\n<p data-start=\"1241\" data-end=\"1255\">Fibre: 1.2 g<\/p>\r\n<\/li>\r\n \t<li data-start=\"1256\" data-end=\"1274\">\r\n<p data-start=\"1258\" data-end=\"1274\">Protein: 0.5 g<\/p>\r\n<\/li>\r\n \t<li data-start=\"1275\" data-end=\"1288\">\r\n<p data-start=\"1277\" data-end=\"1288\">Salt: 0 g<\/p>\r\n<\/li>\r\n<\/ul>","_et_gb_content_width":""},"product_brand":[],"product_cat":[29],"product_tag":[],"class_list":{"0":"post-267","1":"product","2":"type-product","3":"status-publish","4":"has-post-thumbnail","6":"product_cat-baby-food","8":"first","9":"instock","10":"sale","11":"taxable","12":"shipping-taxable","13":"purchasable","14":"product-type-simple"},"_links":{"self":[{"href":"https:\/\/saulebaby.eu\/lt\/wp-json\/wp\/v2\/product\/267","targetHints":{"allow":["GET"]}}],"collection":[{"href":"https:\/\/saulebaby.eu\/lt\/wp-json\/wp\/v2\/product"}],"about":[{"href":"https:\/\/saulebaby.eu\/lt\/wp-json\/wp\/v2\/types\/product"}],"replies":[{"embeddable":true,"href":"https:\/\/saulebaby.eu\/lt\/wp-json\/wp\/v2\/comments?post=267"}],"wp:featuredmedia":[{"embeddable":true,"href":"https:\/\/saulebaby.eu\/lt\/wp-json\/wp\/v2\/media\/431"}],"wp:attachment":[{"href":"https:\/\/saulebaby.eu\/lt\/wp-json\/wp\/v2\/media?parent=267"}],"wp:term":[{"taxonomy":"product_brand","embeddable":true,"href":"https:\/\/saulebaby.eu\/lt\/wp-json\/wp\/v2\/product_brand?post=267"},{"taxonomy":"product_cat","embeddable":true,"href":"https:\/\/saulebaby.eu\/lt\/wp-json\/wp\/v2\/product_cat?post=267"},{"taxonomy":"product_tag","embeddable":true,"href":"https:\/\/saulebaby.eu\/lt\/wp-json\/wp\/v2\/product_tag?post=267"}],"curies":[{"name":"wp","href":"https:\/\/api.w.org\/{rel}","templated":true}]}}