{"id":251,"date":"2025-10-09T14:14:29","date_gmt":"2025-10-09T14:14:29","guid":{"rendered":"https:\/\/saulebaby.eu\/?post_type=product&#038;p=251"},"modified":"2026-04-26T08:56:51","modified_gmt":"2026-04-26T08:56:51","slug":"organic-pumpkin-and-potato-puree","status":"publish","type":"product","link":"https:\/\/saulebaby.eu\/lt\/produktas\/organic-pumpkin-and-potato-puree\/","title":{"rendered":"Ekologi\u0161ka Moli\u016bg\u0173 ir Bulvi\u0173 tyrel\u0117 \u2013 pakuot\u0117 (6vnt)"},"content":{"rendered":"<p data-start=\"506\" data-end=\"587\">Ekologi\u0161kas k\u016bdiki\u0173 maistas stiklain\u0117lyje.<\/p>\n<ul data-start=\"588\" data-end=\"996\">\n<li data-start=\"588\" data-end=\"670\">\n<p data-start=\"590\" data-end=\"670\">Sudedamosios dalys: Moli\u016bgas* 45%, Bulv\u0117s* 45%, Vanduo (* i\u0161 sertifikuot\u0173 ekologi\u0161k\u0173 \u016bki\u0173)<\/p>\n<\/li>\n<li data-start=\"671\" data-end=\"728\">\n<p data-start=\"673\" data-end=\"728\">Naudojimas: Sterilizuota, paruo\u0161ta vartoti. Prie\u0161 vartojant gerai i\u0161mai\u0161yti.<\/p>\n<\/li>\n<li data-start=\"729\" data-end=\"843\">\n<p data-start=\"731\" data-end=\"843\">Laikymas: prie\u0161 vartojant laikyti kambario temperat\u016broje, atidarius laikyti \u0161aldytuve ir suvartoti per 48 valandas.<\/p>\n<\/li>\n<li data-start=\"844\" data-end=\"859\">\n<p data-start=\"846\" data-end=\"859\">Be glitimo<\/p>\n<\/li>\n<li data-start=\"860\" data-end=\"886\">\n<p data-start=\"862\" data-end=\"886\">Be prid\u0117tini\u0173 konservant\u0173<\/p>\n<\/li>\n<li data-start=\"887\" data-end=\"953\">\n<p data-start=\"889\" data-end=\"953\">Naudojamos tik ekologi\u0161kos \u017eem\u0117s \u016bkio kilm\u0117s sudedamosios dalys i\u0161 BIO sertifikuot\u0173 \u016bki\u0173.<\/p>\n<\/li>\n<li data-start=\"954\" data-end=\"996\">\n<p data-start=\"956\" data-end=\"996\">Perdirbamas stiklainis, dangtelis be PVC<\/p>\n<\/li>\n<\/ul>\n<p data-start=\"998\" data-end=\"1062\">\u26a0\ufe0f \u012esp\u0117jimas: produkto stiklin\u0117je pakuot\u0117je ne\u0161ildykite mikrobang\u0173 krosnel\u0117je!<br data-start=\"1038\" data-end=\"1041\" \/>Pagaminta Latvijoje<\/p>\n<p data-start=\"1064\" data-end=\"1098\"><strong data-start=\"1064\" data-end=\"1096\">Vidutin\u0117 maistin\u0117 vert\u0117 100 g:<\/strong><\/p>\n<ul data-start=\"1099\" data-end=\"1273\">\n<li data-start=\"1099\" data-end=\"1127\">\n<p data-start=\"1101\" data-end=\"1127\">Energin\u0117 vert\u0117: 170 kJ \/ 40 kcal<\/p>\n<\/li>\n<li data-start=\"1128\" data-end=\"1174\">\n<p data-start=\"1130\" data-end=\"1174\">Riebalai: &lt; 0.5 g (i\u0161 kuri\u0173 so\u010di\u0173j\u0173 riebal\u0173 r\u016bg\u0161\u010di\u0173: &lt; 0.1 g)<\/p>\n<\/li>\n<li data-start=\"1175\" data-end=\"1223\">\n<p data-start=\"1177\" data-end=\"1223\">Angliavandeniai: 8.1 g (i\u0161 kuri\u0173 cukr\u0173: 1.6 g)<\/p>\n<\/li>\n<li data-start=\"1224\" data-end=\"1240\">\n<p data-start=\"1226\" data-end=\"1240\">Skaidulos: 1.1 g<\/p>\n<\/li>\n<li data-start=\"1241\" data-end=\"1259\">\n<p data-start=\"1243\" data-end=\"1259\">Baltymai: 1.2 g<\/p>\n<\/li>\n<li data-start=\"1260\" data-end=\"1273\">\n<p data-start=\"1262\" data-end=\"1273\">Druska: 0 g<\/p>\n<\/li>\n<\/ul>","protected":false},"excerpt":{"rendered":"<p data-start=\"349\" data-end=\"504\">Ekologi\u0161kas k\u016bdiki\u0173 maistas \u2013 moli\u016bg\u0173 ir bulvi\u0173 ko\u0161\u0117, 125 g, skirta \nnuo 4 m\u0117n. Be glitimo, be prid\u0117tini\u0173 konservant\u0173.<\/p>\n<p data-start=\"349\" data-end=\"504\">Minimalus u\u017esakymo kiekis: 1 pakuot\u0117 = 6 stiklainiukai.<\/p>\n<p>&nbsp;<\/p>","protected":false},"featured_media":430,"comment_status":"open","ping_status":"closed","template":"","meta":{"_et_pb_use_builder":"off","_et_pb_old_content":"<p data-start=\"506\" data-end=\"587\">Organic baby food in glass jar.<\/p>\r\n\r\n<ul data-start=\"588\" data-end=\"996\">\r\n \t<li data-start=\"588\" data-end=\"670\">\r\n<p data-start=\"590\" data-end=\"670\">Ingredients: Pumpkin* 45%, Potato* 45%, Water (*from certified organic farms).<\/p>\r\n<\/li>\r\n \t<li data-start=\"671\" data-end=\"728\">\r\n<p data-start=\"673\" data-end=\"728\">Usage: Sterilized, ready to eat. Mix well before use.<\/p>\r\n<\/li>\r\n \t<li data-start=\"729\" data-end=\"843\">\r\n<p data-start=\"731\" data-end=\"843\">Storage: Before opening \u2013 store at room temperature. After opening \u2013 keep refrigerated and consume within 48h.<\/p>\r\n<\/li>\r\n \t<li data-start=\"844\" data-end=\"859\">\r\n<p data-start=\"846\" data-end=\"859\">Gluten-free<\/p>\r\n<\/li>\r\n \t<li data-start=\"860\" data-end=\"886\">\r\n<p data-start=\"862\" data-end=\"886\">No added preservatives<\/p>\r\n<\/li>\r\n \t<li data-start=\"887\" data-end=\"953\">\r\n<p data-start=\"889\" data-end=\"953\">Only agricultural organic ingredients from BIO certified farms<\/p>\r\n<\/li>\r\n \t<li data-start=\"954\" data-end=\"996\">\r\n<p data-start=\"956\" data-end=\"996\">Recyclable glass jar, PVC-free closure<\/p>\r\n<\/li>\r\n<\/ul>\r\n<p data-start=\"998\" data-end=\"1062\">\u26a0\ufe0f Warning: Do not microwave in the jar!<br data-start=\"1038\" data-end=\"1041\" \/>Produced in Latvia.<\/p>\r\n<p data-start=\"1064\" data-end=\"1098\"><strong data-start=\"1064\" data-end=\"1096\">Nutritional value per 100 g:<\/strong><\/p>\r\n\r\n<ul data-start=\"1099\" data-end=\"1273\">\r\n \t<li data-start=\"1099\" data-end=\"1127\">\r\n<p data-start=\"1101\" data-end=\"1127\">Energy: 170 kJ \/ 40 kcal<\/p>\r\n<\/li>\r\n \t<li data-start=\"1128\" data-end=\"1174\">\r\n<p data-start=\"1130\" data-end=\"1174\">Fat: < 0.5 g (of which saturates: < 0.1 g)<\/p>\r\n<\/li>\r\n \t<li data-start=\"1175\" data-end=\"1223\">\r\n<p data-start=\"1177\" data-end=\"1223\">Carbohydrate: 8.1 g (of which sugars: 1.6 g)<\/p>\r\n<\/li>\r\n \t<li data-start=\"1224\" data-end=\"1240\">\r\n<p data-start=\"1226\" data-end=\"1240\">Fibre: 1.1 g<\/p>\r\n<\/li>\r\n \t<li data-start=\"1241\" data-end=\"1259\">\r\n<p data-start=\"1243\" data-end=\"1259\">Protein: 1.2 g<\/p>\r\n<\/li>\r\n \t<li data-start=\"1260\" data-end=\"1273\">\r\n<p data-start=\"1262\" data-end=\"1273\">Salt: 0 g<\/p>\r\n<\/li>\r\n<\/ul>","_et_gb_content_width":""},"product_brand":[],"product_cat":[29],"product_tag":[],"class_list":{"0":"post-251","1":"product","2":"type-product","3":"status-publish","4":"has-post-thumbnail","6":"product_cat-baby-food","8":"first","9":"instock","10":"sale","11":"taxable","12":"shipping-taxable","13":"purchasable","14":"product-type-simple"},"_links":{"self":[{"href":"https:\/\/saulebaby.eu\/lt\/wp-json\/wp\/v2\/product\/251","targetHints":{"allow":["GET"]}}],"collection":[{"href":"https:\/\/saulebaby.eu\/lt\/wp-json\/wp\/v2\/product"}],"about":[{"href":"https:\/\/saulebaby.eu\/lt\/wp-json\/wp\/v2\/types\/product"}],"replies":[{"embeddable":true,"href":"https:\/\/saulebaby.eu\/lt\/wp-json\/wp\/v2\/comments?post=251"}],"wp:featuredmedia":[{"embeddable":true,"href":"https:\/\/saulebaby.eu\/lt\/wp-json\/wp\/v2\/media\/430"}],"wp:attachment":[{"href":"https:\/\/saulebaby.eu\/lt\/wp-json\/wp\/v2\/media?parent=251"}],"wp:term":[{"taxonomy":"product_brand","embeddable":true,"href":"https:\/\/saulebaby.eu\/lt\/wp-json\/wp\/v2\/product_brand?post=251"},{"taxonomy":"product_cat","embeddable":true,"href":"https:\/\/saulebaby.eu\/lt\/wp-json\/wp\/v2\/product_cat?post=251"},{"taxonomy":"product_tag","embeddable":true,"href":"https:\/\/saulebaby.eu\/lt\/wp-json\/wp\/v2\/product_tag?post=251"}],"curies":[{"name":"wp","href":"https:\/\/api.w.org\/{rel}","templated":true}]}}