{"id":504,"date":"2026-04-10T22:08:26","date_gmt":"2026-04-10T22:08:26","guid":{"rendered":"https:\/\/saulebaby.eu\/?page_id=504"},"modified":"2026-04-16T06:03:51","modified_gmt":"2026-04-16T06:03:51","slug":"parduotuve","status":"publish","type":"page","link":"https:\/\/saulebaby.eu\/lt\/parduotuve\/","title":{"rendered":"Parduotuv\u0117"},"content":{"rendered":"<p>[et_pb_section fb_built=&#8221;1&#8243; admin_label=&#8221;Header&#8221; _builder_version=&#8221;4.27.4&#8243; _module_preset=&#8221;default&#8221; use_background_color_gradient=&#8221;on&#8221; background_color_gradient_stops=&#8221;rgba(44,18,0,0.3) 0%|rgba(44,18,0,0.3) 100%&#8221; background_color_gradient_overlays_image=&#8221;on&#8221; background_image=&#8221;https:\/\/saulebaby.eu\/wp-content\/uploads\/2024\/10\/fruits.jpg&#8221; custom_padding=&#8221;0px||0px||true|false&#8221; locked=&#8221;off&#8221; collapsed=&#8221;on&#8221; global_colors_info=&#8221;{}&#8221;][et_pb_row _builder_version=&#8221;4.20.0&#8243; _module_preset=&#8221;default&#8221; max_width=&#8221;1280px&#8221; custom_margin=&#8221;||0px||false|false&#8221; custom_padding=&#8221;8vw|5%||5%|false|true&#8221; border_color_all=&#8221;rgba(243,239,229,0.3)&#8221; border_width_right=&#8221;1px&#8221; border_width_left=&#8221;1px&#8221; global_colors_info=&#8221;{}&#8221;][et_pb_column type=&#8221;4_4&#8243; _builder_version=&#8221;4.20.0&#8243; _module_preset=&#8221;default&#8221; global_colors_info=&#8221;{}&#8221;][et_pb_text _builder_version=&#8221;4.27.6&#8243; _module_preset=&#8221;_initial&#8221; header_font=&#8221;&#8211;et_global_heading_font||||||||&#8221; header_text_color=&#8221;#ffffff&#8221; header_font_size=&#8221;72px&#8221; header_line_height=&#8221;1.2em&#8221; hover_enabled=&#8221;0&#8243; header_font_size_tablet=&#8221;40px&#8221; header_font_size_phone=&#8221;24px&#8221; header_font_size_last_edited=&#8221;on|desktop&#8221; header_text_shadow_style=&#8221;preset5&#8243; global_colors_info=&#8221;{}&#8221; sticky_enabled=&#8221;0&#8243;]<\/p>\n<h1>Parduotuv\u0117<\/h1>\n<p>[\/et_pb_text][\/et_pb_column][\/et_pb_row][\/et_pb_section][et_pb_section fb_built=&#8221;1&#8243; admin_label=&#8221;Products&#8221; _builder_version=&#8221;4.20.0&#8243; _module_preset=&#8221;default&#8221; collapsed=&#8221;on&#8221; global_colors_info=&#8221;{}&#8221;][et_pb_row _builder_version=&#8221;4.20.0&#8243; _module_preset=&#8221;default&#8221; global_colors_info=&#8221;{}&#8221;][et_pb_column type=&#8221;4_4&#8243; _builder_version=&#8221;4.20.0&#8243; _module_preset=&#8221;default&#8221; global_colors_info=&#8221;{}&#8221;][et_pb_shop show_pagination=&#8221;on&#8221; columns_number=&#8221;4&#8243; orderby=&#8221;date-desc&#8221; sale_badge_color=&#8221;gcid-07b38b3b-5331-4694-abb8-4525d4da000e&#8221; icon_hover_color=&#8221;#7CDA24&#8243; show_rating=&#8221;off&#8221; _builder_version=&#8221;4.27.4&#8243; _module_preset=&#8221;_initial&#8221; title_font=&#8221;&#8211;et_global_body_font||||||||&#8221; title_font_size=&#8221;14px&#8221; title_line_height=&#8221;1.4em&#8221; price_font_size=&#8221;16px&#8221; price_line_height=&#8221;1.8em&#8221; sale_badge_font=&#8221;Wix Madefor Display|700||on|||||&#8221; sale_badge_text_color=&#8221;#FFFFFF&#8221; sale_badge_font_size=&#8221;12px&#8221; sale_badge_letter_spacing=&#8221;0.5em&#8221; rating_text_color=&#8221;#333333&#8243; title_font_size_tablet=&#8221;15px&#8221; title_font_size_phone=&#8221;14px&#8221; title_font_size_last_edited=&#8221;on|desktop&#8221; price_font_size_tablet=&#8221;15px&#8221; price_font_size_phone=&#8221;14px&#8221; price_font_size_last_edited=&#8221;on|tablet&#8221; border_radii_sale_badge=&#8221;on|0px|0px|0px|0px&#8221; locked=&#8221;off&#8221; global_colors_info=&#8221;{%22gcid-07b38b3b-5331-4694-abb8-4525d4da000e%22:%91%22sale_badge_color%22%93}&#8221;][\/et_pb_shop][\/et_pb_column][\/et_pb_row][\/et_pb_section][et_pb_section fb_built=&#8221;1&#8243; admin_label=&#8221;Countdown &#038; Call to Action&#8221; _builder_version=&#8221;4.20.0&#8243; _module_preset=&#8221;default&#8221; collapsed=&#8221;on&#8221; global_colors_info=&#8221;{}&#8221;][et_pb_row column_structure=&#8221;3_4,1_4&#8243; custom_padding_last_edited=&#8221;off|desktop&#8221; _builder_version=&#8221;4.27.4&#8243; _module_preset=&#8221;default&#8221; use_background_color_gradient=&#8221;on&#8221; background_color_gradient_type=&#8221;circular&#8221; background_color_gradient_direction_radial=&#8221;top right&#8221; background_color_gradient_stops=&#8221;rgba(243,239,229,0.7) 30%|rgba(255,255,255,0) 100%&#8221; background_color_gradient_overlays_image=&#8221;on&#8221; background_image=&#8221;https:\/\/saulebaby.eu\/wp-content\/uploads\/2024\/10\/IMG-2194webre.jpg&#8221; max_width=&#8221;1280px&#8221; custom_padding=&#8221;16%|5%|4%|5%|false|true&#8221; custom_padding_tablet=&#8221;||4%||false|true&#8221; background_last_edited=&#8221;off|tablet&#8221; locked=&#8221;off&#8221; global_colors_info=&#8221;{}&#8221;][et_pb_column type=&#8221;3_4&#8243; _builder_version=&#8221;4.27.4&#8243; _module_preset=&#8221;default&#8221; global_colors_info=&#8221;{}&#8221;][et_pb_text _builder_version=&#8221;4.27.5&#8243; _module_preset=&#8221;_initial&#8221; header_2_font=&#8221;&#8211;et_global_heading_font||||||||&#8221; header_2_font_size=&#8221;52px&#8221; header_2_line_height=&#8221;1.2em&#8221; header_2_font_size_tablet=&#8221;32px&#8221; header_2_font_size_phone=&#8221;20px&#8221; header_2_font_size_last_edited=&#8221;on|desktop&#8221; global_colors_info=&#8221;{}&#8221;]<\/p>\n<h2>Countdown to Spring Easter warmth<\/h2>\n<p>[\/et_pb_text][et_pb_countdown_timer date_time=&#8221;2026-03-31 07:32&#8243; _builder_version=&#8221;4.27.5&#8243; _module_preset=&#8221;_initial&#8221; numbers_font=&#8221;&#8211;et_global_body_font||||||||&#8221; numbers_text_color=&#8221;gcid-07b38b3b-5331-4694-abb8-4525d4da000e&#8221; numbers_font_size=&#8221;52px&#8221; separator_text_color=&#8221;RGBA(255,255,255,0)&#8221; label_font=&#8221;Wix Madefor Display|700||on|||||&#8221; label_text_color=&#8221;gcid-3bc1f4a8-d3a1-4b6c-8453-476c3040c92b&#8221; label_font_size=&#8221;12px&#8221; label_letter_spacing=&#8221;0.5em&#8221; background_enable_color=&#8221;off&#8221; use_background_color=&#8221;off&#8221; text_orientation=&#8221;left&#8221; numbers_font_size_tablet=&#8221;32px&#8221; numbers_font_size_phone=&#8221;20px&#8221; numbers_font_size_last_edited=&#8221;on|tablet&#8221; label_font_size_tablet=&#8221;10px&#8221; label_font_size_phone=&#8221;&#8221; label_font_size_last_edited=&#8221;on|desktop&#8221; locked=&#8221;off&#8221; global_colors_info=&#8221;{%22gcid-07b38b3b-5331-4694-abb8-4525d4da000e%22:%91%22numbers_text_color%22%93,%22gcid-3bc1f4a8-d3a1-4b6c-8453-476c3040c92b%22:%91%22label_text_color%22%93}&#8221;][\/et_pb_countdown_timer][\/et_pb_column][et_pb_column type=&#8221;1_4&#8243; _builder_version=&#8221;4.20.0&#8243; _module_preset=&#8221;default&#8221; global_colors_info=&#8221;{}&#8221;][\/et_pb_column][\/et_pb_row][\/et_pb_section][et_pb_section fb_built=&#8221;1&#8243; admin_label=&#8221;Footer&#8221; _builder_version=&#8221;4.20.0&#8243; _module_preset=&#8221;default&#8221; custom_padding=&#8221;0px||0px||true|false&#8221; border_color_all=&#8221;rgba(102,102,102,0.3)&#8221; border_width_top=&#8221;1px&#8221; saved_tabs=&#8221;all&#8221; collapsed=&#8221;on&#8221; global_colors_info=&#8221;{}&#8221;][et_pb_row _builder_version=&#8221;4.20.0&#8243; _module_preset=&#8221;default&#8221; width=&#8221;100%&#8221; max_width=&#8221;none&#8221; custom_padding=&#8221;0px||0px||true|false&#8221; global_colors_info=&#8221;{}&#8221;][et_pb_column type=&#8221;4_4&#8243; _builder_version=&#8221;4.20.0&#8243; _module_preset=&#8221;default&#8221; global_colors_info=&#8221;{}&#8221;][et_pb_divider color=&#8221;rgba(102,102,102,0.3)&#8221; _builder_version=&#8221;4.20.0&#8243; _module_preset=&#8221;default&#8221; height=&#8221;1px&#8221; global_colors_info=&#8221;{}&#8221;][\/et_pb_divider][\/et_pb_column][\/et_pb_row][et_pb_row column_structure=&#8221;1_4,1_4,1_4,1_4&#8243; use_custom_gutter=&#8221;on&#8221; gutter_width=&#8221;1&#8243; _builder_version=&#8221;4.20.0&#8243; _module_preset=&#8221;default&#8221; max_width=&#8221;1280px&#8221; custom_padding=&#8221;0px|5%|0px|5%|true|true&#8221; border_color_all=&#8221;rgba(102,102,102,0.3)&#8221; border_width_right=&#8221;1px&#8221; border_width_left=&#8221;1px&#8221; global_colors_info=&#8221;{}&#8221;][et_pb_column type=&#8221;1_4&#8243; _builder_version=&#8221;4.20.0&#8243; _module_preset=&#8221;default&#8221; global_colors_info=&#8221;{}&#8221;][et_pb_image src=&#8221;https:\/\/saulebaby.eu\/wp-content\/uploads\/2025\/10\/funny-food.jpg&#8221; title_text=&#8221;funny-food&#8221; _builder_version=&#8221;4.27.4&#8243; _module_preset=&#8221;default&#8221; global_colors_info=&#8221;{}&#8221;][\/et_pb_image][\/et_pb_column][et_pb_column type=&#8221;1_4&#8243; _builder_version=&#8221;4.20.0&#8243; _module_preset=&#8221;default&#8221; global_colors_info=&#8221;{}&#8221;][et_pb_image src=&#8221;https:\/\/saulebaby.eu\/wp-content\/uploads\/2025\/10\/219902cbf2feae8e46822f9ce06e0dc8l.jpg&#8221; title_text=&#8221;219902cbf2feae8e46822f9ce06e0dc8l&#8221; _builder_version=&#8221;4.27.4&#8243; _module_preset=&#8221;default&#8221; locked=&#8221;off&#8221; global_colors_info=&#8221;{}&#8221;][\/et_pb_image][\/et_pb_column][et_pb_column type=&#8221;1_4&#8243; _builder_version=&#8221;4.20.0&#8243; _module_preset=&#8221;default&#8221; global_colors_info=&#8221;{}&#8221;][et_pb_image src=&#8221;https:\/\/saulebaby.eu\/wp-content\/uploads\/2025\/10\/970584d3b68033337e5c6b49efa69256e-1.jpg&#8221; title_text=&#8221;970584d3b68033337e5c6b49efa69256e&#8221; _builder_version=&#8221;4.27.4&#8243; _module_preset=&#8221;default&#8221; locked=&#8221;off&#8221; global_colors_info=&#8221;{}&#8221;][\/et_pb_image][\/et_pb_column][et_pb_column type=&#8221;1_4&#8243; _builder_version=&#8221;4.20.0&#8243; _module_preset=&#8221;default&#8221; global_colors_info=&#8221;{}&#8221;][et_pb_image src=&#8221;https:\/\/saulebaby.eu\/wp-content\/uploads\/2025\/10\/babyfood.jpg&#8221; title_text=&#8221;babyfood&#8221; _builder_version=&#8221;4.27.4&#8243; _module_preset=&#8221;default&#8221; locked=&#8221;off&#8221; global_colors_info=&#8221;{}&#8221;][\/et_pb_image][\/et_pb_column][\/et_pb_row][et_pb_row _builder_version=&#8221;4.20.0&#8243; _module_preset=&#8221;default&#8221; width=&#8221;100%&#8221; max_width=&#8221;none&#8221; custom_padding=&#8221;0px||0px||true|false&#8221; locked=&#8221;off&#8221; global_colors_info=&#8221;{}&#8221;][et_pb_column type=&#8221;4_4&#8243; _builder_version=&#8221;4.20.0&#8243; _module_preset=&#8221;default&#8221; global_colors_info=&#8221;{}&#8221;][et_pb_divider color=&#8221;rgba(102,102,102,0.3)&#8221; _builder_version=&#8221;4.20.0&#8243; _module_preset=&#8221;default&#8221; height=&#8221;1px&#8221; global_colors_info=&#8221;{}&#8221;][\/et_pb_divider][\/et_pb_column][\/et_pb_row][et_pb_row column_structure=&#8221;1_4,1_4,1_4,1_4&#8243; use_custom_gutter=&#8221;on&#8221; gutter_width=&#8221;1&#8243; make_equal=&#8221;on&#8221; _builder_version=&#8221;4.21.0&#8243; _module_preset=&#8221;default&#8221; max_width=&#8221;1280px&#8221; custom_padding=&#8221;0px|5%|0px|5%|true|true&#8221; border_color_all=&#8221;rgba(102,102,102,0.3)&#8221; border_width_right=&#8221;1px&#8221; border_width_left=&#8221;1px&#8221; global_colors_info=&#8221;{}&#8221;][et_pb_column type=&#8221;1_4&#8243; _builder_version=&#8221;4.20.0&#8243; _module_preset=&#8221;default&#8221; custom_padding=&#8221;8%|30px|8%||true|false&#8221; custom_padding_tablet=&#8221;||||true|false&#8221; custom_padding_phone=&#8221;|0px|||true|false&#8221; custom_padding_last_edited=&#8221;on|desktop&#8221; border_color_all=&#8221;rgba(102,102,102,0.3)&#8221; border_width_right=&#8221;1px&#8221; border_width_right_tablet=&#8221;0px&#8221; border_width_right_phone=&#8221;&#8221; border_width_right_last_edited=&#8221;on|tablet&#8221; global_colors_info=&#8221;{}&#8221;][et_pb_image src=&#8221;https:\/\/saulebaby.eu\/wp-content\/uploads\/2025\/01\/Saule_Baby_logo-masolat.png&#8221; title_text=&#8221;Saule_Baby_logo ma\u0301solat&#8221; _builder_version=&#8221;4.27.4&#8243; _module_preset=&#8221;default&#8221; global_colors_info=&#8221;{}&#8221;][\/et_pb_image][\/et_pb_column][et_pb_column type=&#8221;1_4&#8243; _builder_version=&#8221;4.20.0&#8243; _module_preset=&#8221;default&#8221; custom_padding=&#8221;8%|30px|8%|30px|true|true&#8221; custom_padding_tablet=&#8221;|0px||0%|true|false&#8221; custom_padding_phone=&#8221;|||0px|true|false&#8221; custom_padding_last_edited=&#8221;on|desktop&#8221; global_colors_info=&#8221;{}&#8221;][et_pb_text _builder_version=&#8221;4.27.4&#8243; _module_preset=&#8221;_initial&#8221; link_text_color=&#8221;gcid-07b38b3b-5331-4694-abb8-4525d4da000e&#8221; header_6_font=&#8221;Prata||||||||&#8221; header_6_font_size=&#8221;16px&#8221; header_6_line_height=&#8221;1.4em&#8221; custom_margin=&#8221;||0px||false|false&#8221; header_6_font_size_tablet=&#8221;15px&#8221; header_6_font_size_phone=&#8221;14px&#8221; header_6_font_size_last_edited=&#8221;on|desktop&#8221; global_colors_info=&#8221;{%22gcid-07b38b3b-5331-4694-abb8-4525d4da000e%22:%91%22link_text_color%22%93}&#8221;]<\/p>\n<h6><a href=\"https:\/\/saulebaby.eu\/\">Home<\/a><\/h6>\n<p>[\/et_pb_text][et_pb_text _builder_version=&#8221;4.27.4&#8243; _module_preset=&#8221;_initial&#8221; text_text_color=&#8221;gcid-07b38b3b-5331-4694-abb8-4525d4da000e&#8221; link_text_color=&#8221;gcid-07b38b3b-5331-4694-abb8-4525d4da000e&#8221; header_6_font=&#8221;Prata||||||||&#8221; header_6_font_size=&#8221;16px&#8221; header_6_line_height=&#8221;1.4em&#8221; custom_margin=&#8221;||0px||false|false&#8221; header_6_font_size_tablet=&#8221;15px&#8221; header_6_font_size_phone=&#8221;14px&#8221; header_6_font_size_last_edited=&#8221;on|desktop&#8221; global_colors_info=&#8221;{%22gcid-07b38b3b-5331-4694-abb8-4525d4da000e%22:%91%22text_text_color%22,%22link_text_color%22%93}&#8221;]<\/p>\n<h6><a href=\"https:\/\/saulebaby.eu\/shop\">Products<\/a><\/h6>\n<p>[\/et_pb_text][et_pb_text _builder_version=&#8221;4.27.4&#8243; _module_preset=&#8221;_initial&#8221; text_text_color=&#8221;gcid-07b38b3b-5331-4694-abb8-4525d4da000e&#8221; link_text_color=&#8221;gcid-07b38b3b-5331-4694-abb8-4525d4da000e&#8221; header_6_font=&#8221;Prata||||||||&#8221; header_6_font_size=&#8221;16px&#8221; header_6_line_height=&#8221;1.4em&#8221; custom_margin=&#8221;||0px||false|false&#8221; header_6_font_size_tablet=&#8221;15px&#8221; header_6_font_size_phone=&#8221;14px&#8221; header_6_font_size_last_edited=&#8221;on|desktop&#8221; global_colors_info=&#8221;{%22gcid-07b38b3b-5331-4694-abb8-4525d4da000e%22:%91%22text_text_color%22,%22link_text_color%22%93}&#8221;]<\/p>\n<h6><a href=\"https:\/\/saulebaby.eu\/my-account\/\">My account<\/a><\/h6>\n<p>[\/et_pb_text][et_pb_text _builder_version=&#8221;4.27.4&#8243; _module_preset=&#8221;_initial&#8221; text_text_color=&#8221;gcid-07b38b3b-5331-4694-abb8-4525d4da000e&#8221; header_6_font=&#8221;Prata||||||||&#8221; header_6_font_size=&#8221;16px&#8221; header_6_line_height=&#8221;1.4em&#8221; custom_margin=&#8221;||0px||false|false&#8221; header_6_font_size_tablet=&#8221;15px&#8221; header_6_font_size_phone=&#8221;14px&#8221; header_6_font_size_last_edited=&#8221;on|desktop&#8221; global_colors_info=&#8221;{%22gcid-07b38b3b-5331-4694-abb8-4525d4da000e%22:%91%22text_text_color%22%93}&#8221;]<\/p>\n<h6><a href=\"https:\/\/saulebaby.eu\/cart\">Cart<\/a><\/h6>\n<p>[\/et_pb_text][et_pb_text _builder_version=&#8221;4.27.4&#8243; _module_preset=&#8221;_initial&#8221; link_text_color=&#8221;gcid-07b38b3b-5331-4694-abb8-4525d4da000e&#8221; header_6_font=&#8221;Prata||||||||&#8221; header_6_font_size=&#8221;16px&#8221; header_6_line_height=&#8221;1.4em&#8221; custom_margin=&#8221;||0px||false|false&#8221; header_6_font_size_tablet=&#8221;15px&#8221; header_6_font_size_phone=&#8221;14px&#8221; header_6_font_size_last_edited=&#8221;on|desktop&#8221; locked=&#8221;off&#8221; global_colors_info=&#8221;{%22gcid-07b38b3b-5331-4694-abb8-4525d4da000e%22:%91%22link_text_color%22%93}&#8221;]<\/p>\n<h6><a href=\"https:\/\/saulebaby.eu\/refund_returns\">Shipping &amp; Returns<\/a><\/h6>\n<p>[\/et_pb_text][et_pb_text _builder_version=&#8221;4.27.4&#8243; _module_preset=&#8221;_initial&#8221; link_text_color=&#8221;gcid-07b38b3b-5331-4694-abb8-4525d4da000e&#8221; header_6_font=&#8221;Prata||||||||&#8221; header_6_font_size=&#8221;16px&#8221; header_6_line_height=&#8221;1.4em&#8221; custom_margin=&#8221;||0px||false|false&#8221; header_6_font_size_tablet=&#8221;15px&#8221; header_6_font_size_phone=&#8221;14px&#8221; header_6_font_size_last_edited=&#8221;on|desktop&#8221; locked=&#8221;off&#8221; global_colors_info=&#8221;{%22gcid-07b38b3b-5331-4694-abb8-4525d4da000e%22:%91%22link_text_color%22%93}&#8221;]<\/p>\n<h6><a href=\"https:\/\/saulebaby.eu\/wp-content\/uploads\/2025\/10\/privacy-policy-LTENG.pdf\">Privacy Policy<\/a><\/h6>\n<p>[\/et_pb_text][\/et_pb_column][et_pb_column type=&#8221;1_4&#8243; _builder_version=&#8221;4.20.0&#8243; _module_preset=&#8221;default&#8221; custom_padding=&#8221;8%|30px|8%||true|false&#8221; custom_padding_tablet=&#8221;||||true|false&#8221; custom_padding_phone=&#8221;|0px|||true|false&#8221; custom_padding_last_edited=&#8221;on|desktop&#8221; global_colors_info=&#8221;{}&#8221;][et_pb_text _builder_version=&#8221;4.27.4&#8243; _module_preset=&#8221;_initial&#8221; text_font_size=&#8221;12px&#8221; link_text_color=&#8221;gcid-07b38b3b-5331-4694-abb8-4525d4da000e&#8221; header_6_font=&#8221;Prata||||||||&#8221; header_6_font_size=&#8221;16px&#8221; header_6_line_height=&#8221;1.4em&#8221; custom_margin=&#8221;||0px||false|false&#8221; header_6_font_size_tablet=&#8221;15px&#8221; header_6_font_size_phone=&#8221;14px&#8221; header_6_font_size_last_edited=&#8221;on|desktop&#8221; locked=&#8221;off&#8221; global_colors_info=&#8221;{%22gcid-07b38b3b-5331-4694-abb8-4525d4da000e%22:%91%22link_text_color%22%93}&#8221;]<\/p>\n<p><b><span data-olk-copy-source=\"MessageBody\">\u012emon\u0117s maisto tvarkymo atpa\u017einimo numeris: \u00a0270003771 (VALSTYBIN\u0116 MAISTO IR VETERINARIJOS TARNYBA)<\/span><\/b><\/p>\n<p><span>\u00a0<\/span><\/p>\n<p><span>Commercial authorization number: 270003771\u00a0<b>VALSTYBIN\u0116 MAISTO IR VETERINARIJOS TARNYBA<\/b><\/span><\/p>\n<p>[\/et_pb_text][\/et_pb_column][et_pb_column type=&#8221;1_4&#8243; _builder_version=&#8221;4.20.0&#8243; _module_preset=&#8221;default&#8221; custom_padding=&#8221;8%||8%||true|false&#8221; custom_padding_tablet=&#8221;||||true|false&#8221; custom_padding_phone=&#8221;||||true|false&#8221; custom_padding_last_edited=&#8221;on|desktop&#8221; global_colors_info=&#8221;{}&#8221;][et_pb_social_media_follow icon_color=&#8221;gcid-07b38b3b-5331-4694-abb8-4525d4da000e&#8221; _builder_version=&#8221;4.27.4&#8243; _module_preset=&#8221;default&#8221; border_radii=&#8221;on|100px|100px|100px|100px&#8221; border_width_all=&#8221;1px&#8221; border_color_all=&#8221;gcid-07b38b3b-5331-4694-abb8-4525d4da000e&#8221; locked=&#8221;off&#8221; global_colors_info=&#8221;{%22gcid-07b38b3b-5331-4694-abb8-4525d4da000e%22:%91%22icon_color%22,%22border_color_all%22%93}&#8221;][et_pb_social_media_follow_network social_network=&#8221;instagram&#8221; url=&#8221;https:\/\/www.instagram.com\/saulebabyfood\/&#8221; _builder_version=&#8221;4.27.4&#8243; _module_preset=&#8221;default&#8221; background_enable_color=&#8221;off&#8221; custom_padding=&#8221;4px|4px|4px|4px|true|true&#8221; global_colors_info=&#8221;{}&#8221; follow_button=&#8221;off&#8221; url_new_window=&#8221;on&#8221;]instagram[\/et_pb_social_media_follow_network][et_pb_social_media_follow_network social_network=&#8221;tiktok&#8221; url=&#8221;https:\/\/www.tiktok.com\/@saule_babyfood_co&#8221; _builder_version=&#8221;4.27.4&#8243; _module_preset=&#8221;default&#8221; background_enable_color=&#8221;off&#8221; custom_padding=&#8221;4px|4px|4px|4px|true|true&#8221; global_colors_info=&#8221;{}&#8221; follow_button=&#8221;off&#8221; url_new_window=&#8221;on&#8221;]tiktok[\/et_pb_social_media_follow_network][et_pb_social_media_follow_network social_network=&#8221;linkedin&#8221; url=&#8221;https:\/\/www.linkedin.com\/company\/mamira-baby\/&#8221; _builder_version=&#8221;4.27.4&#8243; _module_preset=&#8221;default&#8221; background_enable_color=&#8221;off&#8221; custom_padding=&#8221;4px|4px|4px|4px|true|true&#8221; global_colors_info=&#8221;{}&#8221; follow_button=&#8221;off&#8221; url_new_window=&#8221;on&#8221;]linkedin[\/et_pb_social_media_follow_network][\/et_pb_social_media_follow][\/et_pb_column][\/et_pb_row][et_pb_row _builder_version=&#8221;4.20.0&#8243; _module_preset=&#8221;default&#8221; width=&#8221;100%&#8221; max_width=&#8221;none&#8221; border_color_all=&#8221;rgba(102,102,102,0.3)&#8221; border_width_top=&#8221;1px&#8221; global_colors_info=&#8221;{}&#8221;][et_pb_column type=&#8221;4_4&#8243; _builder_version=&#8221;4.20.0&#8243; _module_preset=&#8221;default&#8221; global_colors_info=&#8221;{}&#8221;][et_pb_text _builder_version=&#8221;4.20.0&#8243; _dynamic_attributes=&#8221;content&#8221; _module_preset=&#8221;_initial&#8221; text_font_size=&#8221;16px&#8221; text_line_height=&#8221;1.8em&#8221; text_orientation=&#8221;center&#8221; text_font_size_tablet=&#8221;15px&#8221; text_font_size_phone=&#8221;14px&#8221; text_font_size_last_edited=&#8221;on|desktop&#8221; global_colors_info=&#8221;{}&#8221;]@ET-DC@eyJkeW5hbWljIjp0cnVlLCJjb250ZW50IjoiY3VycmVudF9kYXRlIiwic2V0dGluZ3MiOnsiYmVmb3JlIjoiQ29weXJpZ2h0ICZjb3B5OyAiLCJhZnRlciI6IiBEaXZpLiBBbGwgUmlnaHRzIFJlc2VydmVkLiIsImRhdGVfZm9ybWF0IjoiY3VzdG9tIiwiY3VzdG9tX2RhdGVfZm9ybWF0IjoiWSJ9fQ==@[\/et_pb_text][\/et_pb_column][\/et_pb_row][\/et_pb_section]<\/p>\n","protected":false},"excerpt":{"rendered":"<p>Parduotuv\u0117Countdown to Spring Easter warmthHomeProductsMy accountCartShipping &amp; ReturnsPrivacy Policy\u012emon\u0117s maisto tvarkymo atpa\u017einimo numeris: \u00a0270003771 (VALSTYBIN\u0116 MAISTO IR VETERINARIJOS TARNYBA) \u00a0 Commercial authorization number: 270003771\u00a0VALSTYBIN\u0116 MAISTO IR VETERINARIJOS TARNYBA<\/p>","protected":false},"author":1,"featured_media":0,"parent":0,"menu_order":0,"comment_status":"closed","ping_status":"closed","template":"","meta":{"_et_pb_use_builder":"on","_et_pb_old_content":"<!-- wp:divi\/placeholder \/-->","_et_gb_content_width":"","footnotes":""},"class_list":["post-504","page","type-page","status-publish","hentry"],"_links":{"self":[{"href":"https:\/\/saulebaby.eu\/lt\/wp-json\/wp\/v2\/pages\/504","targetHints":{"allow":["GET"]}}],"collection":[{"href":"https:\/\/saulebaby.eu\/lt\/wp-json\/wp\/v2\/pages"}],"about":[{"href":"https:\/\/saulebaby.eu\/lt\/wp-json\/wp\/v2\/types\/page"}],"author":[{"embeddable":true,"href":"https:\/\/saulebaby.eu\/lt\/wp-json\/wp\/v2\/users\/1"}],"replies":[{"embeddable":true,"href":"https:\/\/saulebaby.eu\/lt\/wp-json\/wp\/v2\/comments?post=504"}],"version-history":[{"count":3,"href":"https:\/\/saulebaby.eu\/lt\/wp-json\/wp\/v2\/pages\/504\/revisions"}],"predecessor-version":[{"id":508,"href":"https:\/\/saulebaby.eu\/lt\/wp-json\/wp\/v2\/pages\/504\/revisions\/508"}],"wp:attachment":[{"href":"https:\/\/saulebaby.eu\/lt\/wp-json\/wp\/v2\/media?parent=504"}],"curies":[{"name":"wp","href":"https:\/\/api.w.org\/{rel}","templated":true}]}}